{"id":341068,"date":"2024-10-07T15:40:55","date_gmt":"2024-10-07T15:40:55","guid":{"rendered":"https:\/\/www.proffis.rs\/?page_id=341068"},"modified":"2024-11-14T12:55:19","modified_gmt":"2024-11-14T12:55:19","slug":"rumunija","status":"publish","type":"page","link":"https:\/\/www.proffis.rs\/hu\/rumunija\/","title":{"rendered":"RUMUNIJA"},"content":{"rendered":"<p>[et_pb_section fb_built=&#8220;1&#8243; _builder_version=&#8220;4.19.0&#8243; global_colors_info=&#8220;{}&#8220;][et_pb_row _builder_version=&#8220;4.19.0&#8243; global_colors_info=&#8220;{}&#8220;][et_pb_column type=&#8220;4_4&#8243; _builder_version=&#8220;4.19.0&#8243; global_colors_info=&#8220;{}&#8220;][et_pb_text _builder_version=&#8220;4.23.1&#8243; global_colors_info=&#8220;{}&#8220;]<\/p>\n<h2>\u00a0<\/h2>\n<h2>\u00a0<\/h2>\n<h2 style=\"text-align: center;\"><strong>RUMUNIJA<\/strong><\/h2>\n<p>Putovanja Rumunija. Rumunija se nalazi u jugoisto\u010dnoj, delimi\u010dno u srednjoj Evropi. Rumuniju na istoku zapljuskuje Crno more. Glavni i najve\u0107i grad Rumunije je Bukure\u0161t, a ostali ve\u0107i gradovi su Bra\u0161ov, Temi\u0161var, Klu\u017e, Konstanca, Krajova i Ja\u0161i.<\/p>\n<p>Rumunija je zemlja bogate istorije, fascinantne kulture i predivnih prirodnih pejza\u017ea.<\/p>\n<p>Rumunija se nalazi u jugoisto\u010dnoj Evropi, grani\u010di se sa Ma\u0111arskom na severozapadu, Srbijom na zapadu, Bugarskom na jugu, Crnim morem na jugoistoku, Ukrajinom na severu i Moldavijom na istoku. Ova pozicija Rumuniji omogu\u0107ava raznovrsnost pejza\u017ea, od planinskih venaca do obala Crnog mora.<\/p>\n<p>Klima u Rumuniji varira od umereno kontinentalne do mediteranske na obalama Crnog mora. Ovo stvara savr\u0161ene uslove za razvoj razli\u010ditih ekosistema i bogatu floru i faunu. Rumunija je tako\u0111e poznata po svojim mineralnim izvorima i termalnim vodama.<\/p>\n<p>Rumunija ima bogatu istoriju koja datira jo\u0161 od praistorijskih vremena. Jedan od najzna\u010dajnijih perioda je doba Dakije, pre nego \u0161to su Rimljani osvojili ovu teritoriju u 2. veku nove ere. Rumunska tradicija je \u017eivopisna i raznovrsna. U ruralnim podru\u010djima, mnoge stare obi\u010daje i dalje mo\u017eete videti tokom praznika i svetkovina.<\/p>\n<p>&nbsp;<\/p>\n<p>[\/et_pb_text][et_pb_blog fullwidth=&#8220;off&#8220; posts_number=&#8220;24&#8243; include_categories=&#8220;69&#8243; excerpt_length=&#8220;130&#8243; show_more=&#8220;on&#8220; show_author=&#8220;off&#8220; show_date=&#8220;off&#8220; show_categories=&#8220;off&#8220; show_pagination=&#8220;off&#8220; use_overlay=&#8220;on&#8220; hover_overlay_color=&#8220;rgba(0,0,0,0.29)&#8220; _builder_version=&#8220;4.23.1&#8243; animation_style=&#8220;slide&#8220; custom_css_main_element=&#8220;||&#8220; custom_css_content=&#8220;height: 190px;||&#8220; custom_css_read_more=&#8220;color: #e09900;||display: block;||text-align:center;||margin-top: 10px;||border: 1px solid #007CC3;||padding: 5px;&#8220; border_width_all_image=&#8220;1px&#8220; border_color_all_image=&#8220;#0c71c3&#8243; box_shadow_style=&#8220;preset3&#8243; box_shadow_horizontal=&#8220;3px&#8220; box_shadow_vertical=&#8220;10px&#8220; box_shadow_spread=&#8220;0px&#8220; box_shadow_color=&#8220;rgba(0,0,0,0.7)&#8220; global_colors_info=&#8220;{}&#8220; box_shadow_horizontal__hover=&#8220;7px&#8220; box_shadow_horizontal__hover_enabled=&#8220;on|hover&#8220;][\/et_pb_blog][\/et_pb_column][\/et_pb_row][\/et_pb_section]<\/p>\n","protected":false},"excerpt":{"rendered":"<p>\u00a0 \u00a0 RUMUNIJA Putovanja Rumunija. Rumunija se nalazi u jugoisto\u010dnoj, delimi\u010dno u srednjoj Evropi. Rumuniju na istoku zapljuskuje Crno more. Glavni i najve\u0107i grad Rumunije je Bukure\u0161t, a ostali ve\u0107i gradovi su Bra\u0161ov, Temi\u0161var, Klu\u017e, Konstanca, Krajova i Ja\u0161i. Rumunija je zemlja bogate istorije, fascinantne kulture i predivnih prirodnih pejza\u017ea. Rumunija se nalazi u jugoisto\u010dnoj [&hellip;]<\/p>\n","protected":false},"author":2,"featured_media":0,"parent":0,"menu_order":0,"comment_status":"closed","ping_status":"closed","template":"","meta":{"_et_pb_use_builder":"on","_et_pb_old_content":"","_et_gb_content_width":"","footnotes":""},"class_list":["post-341068","page","type-page","status-publish","hentry"],"yoast_head":"<!-- This site is optimized with the Yoast SEO plugin v27.3 - https:\/\/yoast.com\/product\/yoast-seo-wordpress\/ -->\n<title>RUMUNIJA | 30 GODINA VA\u0160EG POVERENJA<\/title>\n<meta name=\"description\" content=\"Rumunija je zemlja bogate istorije, fascinantne kulture i predivnih prirodnih pejza\u017ea. Rumuniju na istoku zapljuskuje Crno more.\" \/>\n<meta name=\"robots\" content=\"index, follow, max-snippet:-1, max-image-preview:large, max-video-preview:-1\" \/>\n<link rel=\"canonical\" href=\"https:\/\/www.proffis.rs\/hu\/rumunija\/\" \/>\n<meta property=\"og:locale\" content=\"hu_HU\" \/>\n<meta property=\"og:type\" content=\"article\" \/>\n<meta property=\"og:title\" content=\"RUMUNIJA | 30 GODINA VA\u0160EG POVERENJA\" \/>\n<meta property=\"og:description\" content=\"Rumunija je zemlja bogate istorije, fascinantne kulture i predivnih prirodnih pejza\u017ea. Rumuniju na istoku zapljuskuje Crno more.\" \/>\n<meta property=\"og:url\" content=\"https:\/\/www.proffis.rs\/hu\/rumunija\/\" \/>\n<meta property=\"og:site_name\" content=\"30 GODINA VA\u0160EG POVERENJA\" \/>\n<meta property=\"article:publisher\" content=\"https:\/\/www.facebook.com\/PROFFISSUBOTICA\" \/>\n<meta property=\"article:modified_time\" content=\"2024-11-14T12:55:19+00:00\" \/>\n<meta name=\"twitter:card\" content=\"summary_large_image\" \/>\n<meta name=\"twitter:label1\" content=\"Becs\u00fclt olvas\u00e1si id\u0151\" \/>\n\t<meta name=\"twitter:data1\" content=\"1 perc\" \/>\n<script type=\"application\/ld+json\" class=\"yoast-schema-graph\">{\"@context\":\"https:\\\/\\\/schema.org\",\"@graph\":[{\"@type\":\"WebPage\",\"@id\":\"https:\\\/\\\/www.proffis.rs\\\/rumunija\\\/\",\"url\":\"https:\\\/\\\/www.proffis.rs\\\/rumunija\\\/\",\"name\":\"RUMUNIJA | 30 GODINA VA\u0160EG POVERENJA\",\"isPartOf\":{\"@id\":\"https:\\\/\\\/www.proffis.rs\\\/#website\"},\"datePublished\":\"2024-10-07T15:40:55+00:00\",\"dateModified\":\"2024-11-14T12:55:19+00:00\",\"description\":\"Rumunija je zemlja bogate istorije, fascinantne kulture i predivnih prirodnih pejza\u017ea. Rumuniju na istoku zapljuskuje Crno more.\",\"breadcrumb\":{\"@id\":\"https:\\\/\\\/www.proffis.rs\\\/rumunija\\\/#breadcrumb\"},\"inLanguage\":\"hu\",\"potentialAction\":[{\"@type\":\"ReadAction\",\"target\":[\"https:\\\/\\\/www.proffis.rs\\\/rumunija\\\/\"]}]},{\"@type\":\"BreadcrumbList\",\"@id\":\"https:\\\/\\\/www.proffis.rs\\\/rumunija\\\/#breadcrumb\",\"itemListElement\":[{\"@type\":\"ListItem\",\"position\":1,\"name\":\"Home\",\"item\":\"https:\\\/\\\/www.proffis.rs\\\/\"},{\"@type\":\"ListItem\",\"position\":2,\"name\":\"RUMUNIJA\"}]},{\"@type\":\"WebSite\",\"@id\":\"https:\\\/\\\/www.proffis.rs\\\/#website\",\"url\":\"https:\\\/\\\/www.proffis.rs\\\/\",\"name\":\"Proffis\",\"description\":\"Proffis Turisti\u010dka agencija Subotica\",\"publisher\":{\"@id\":\"https:\\\/\\\/www.proffis.rs\\\/#organization\"},\"alternateName\":\"Turisti\u010dka agencija Proffis SUBOTICA\",\"potentialAction\":[{\"@type\":\"SearchAction\",\"target\":{\"@type\":\"EntryPoint\",\"urlTemplate\":\"https:\\\/\\\/www.proffis.rs\\\/?s={search_term_string}\"},\"query-input\":{\"@type\":\"PropertyValueSpecification\",\"valueRequired\":true,\"valueName\":\"search_term_string\"}}],\"inLanguage\":\"hu\"},{\"@type\":\"Organization\",\"@id\":\"https:\\\/\\\/www.proffis.rs\\\/#organization\",\"name\":\"Proffis\",\"url\":\"https:\\\/\\\/www.proffis.rs\\\/\",\"logo\":{\"@type\":\"ImageObject\",\"inLanguage\":\"hu\",\"@id\":\"https:\\\/\\\/www.proffis.rs\\\/#\\\/schema\\\/logo\\\/image\\\/\",\"url\":\"https:\\\/\\\/media.proffis.rs\\\/2023\\\/12\\\/proffis2-removebg.png\",\"contentUrl\":\"https:\\\/\\\/media.proffis.rs\\\/2023\\\/12\\\/proffis2-removebg.png\",\"width\":806,\"height\":310,\"caption\":\"Proffis\"},\"image\":{\"@id\":\"https:\\\/\\\/www.proffis.rs\\\/#\\\/schema\\\/logo\\\/image\\\/\"},\"sameAs\":[\"https:\\\/\\\/www.facebook.com\\\/PROFFISSUBOTICA\"]}]}<\/script>\n<!-- \/ Yoast SEO plugin. -->","yoast_head_json":{"title":"RUMUNIJA | 30 GODINA VA\u0160EG POVERENJA","description":"Rumunija je zemlja bogate istorije, fascinantne kulture i predivnih prirodnih pejza\u017ea. Rumuniju na istoku zapljuskuje Crno more.","robots":{"index":"index","follow":"follow","max-snippet":"max-snippet:-1","max-image-preview":"max-image-preview:large","max-video-preview":"max-video-preview:-1"},"canonical":"https:\/\/www.proffis.rs\/hu\/rumunija\/","og_locale":"hu_HU","og_type":"article","og_title":"RUMUNIJA | 30 GODINA VA\u0160EG POVERENJA","og_description":"Rumunija je zemlja bogate istorije, fascinantne kulture i predivnih prirodnih pejza\u017ea. Rumuniju na istoku zapljuskuje Crno more.","og_url":"https:\/\/www.proffis.rs\/hu\/rumunija\/","og_site_name":"30 GODINA VA\u0160EG POVERENJA","article_publisher":"https:\/\/www.facebook.com\/PROFFISSUBOTICA","article_modified_time":"2024-11-14T12:55:19+00:00","twitter_card":"summary_large_image","twitter_misc":{"Becs\u00fclt olvas\u00e1si id\u0151":"1 perc"},"schema":{"@context":"https:\/\/schema.org","@graph":[{"@type":"WebPage","@id":"https:\/\/www.proffis.rs\/rumunija\/","url":"https:\/\/www.proffis.rs\/rumunija\/","name":"RUMUNIJA | 30 GODINA VA\u0160EG POVERENJA","isPartOf":{"@id":"https:\/\/www.proffis.rs\/#website"},"datePublished":"2024-10-07T15:40:55+00:00","dateModified":"2024-11-14T12:55:19+00:00","description":"Rumunija je zemlja bogate istorije, fascinantne kulture i predivnih prirodnih pejza\u017ea. Rumuniju na istoku zapljuskuje Crno more.","breadcrumb":{"@id":"https:\/\/www.proffis.rs\/rumunija\/#breadcrumb"},"inLanguage":"hu","potentialAction":[{"@type":"ReadAction","target":["https:\/\/www.proffis.rs\/rumunija\/"]}]},{"@type":"BreadcrumbList","@id":"https:\/\/www.proffis.rs\/rumunija\/#breadcrumb","itemListElement":[{"@type":"ListItem","position":1,"name":"Home","item":"https:\/\/www.proffis.rs\/"},{"@type":"ListItem","position":2,"name":"RUMUNIJA"}]},{"@type":"WebSite","@id":"https:\/\/www.proffis.rs\/#website","url":"https:\/\/www.proffis.rs\/","name":"Proffis","description":"Proffis Turisti\u010dka agencija Subotica","publisher":{"@id":"https:\/\/www.proffis.rs\/#organization"},"alternateName":"Turisti\u010dka agencija Proffis SUBOTICA","potentialAction":[{"@type":"SearchAction","target":{"@type":"EntryPoint","urlTemplate":"https:\/\/www.proffis.rs\/?s={search_term_string}"},"query-input":{"@type":"PropertyValueSpecification","valueRequired":true,"valueName":"search_term_string"}}],"inLanguage":"hu"},{"@type":"Organization","@id":"https:\/\/www.proffis.rs\/#organization","name":"Proffis","url":"https:\/\/www.proffis.rs\/","logo":{"@type":"ImageObject","inLanguage":"hu","@id":"https:\/\/www.proffis.rs\/#\/schema\/logo\/image\/","url":"https:\/\/media.proffis.rs\/2023\/12\/proffis2-removebg.png","contentUrl":"https:\/\/media.proffis.rs\/2023\/12\/proffis2-removebg.png","width":806,"height":310,"caption":"Proffis"},"image":{"@id":"https:\/\/www.proffis.rs\/#\/schema\/logo\/image\/"},"sameAs":["https:\/\/www.facebook.com\/PROFFISSUBOTICA"]}]}},"_links":{"self":[{"href":"https:\/\/www.proffis.rs\/hu\/wp-json\/wp\/v2\/pages\/341068","targetHints":{"allow":["GET"]}}],"collection":[{"href":"https:\/\/www.proffis.rs\/hu\/wp-json\/wp\/v2\/pages"}],"about":[{"href":"https:\/\/www.proffis.rs\/hu\/wp-json\/wp\/v2\/types\/page"}],"author":[{"embeddable":true,"href":"https:\/\/www.proffis.rs\/hu\/wp-json\/wp\/v2\/users\/2"}],"replies":[{"embeddable":true,"href":"https:\/\/www.proffis.rs\/hu\/wp-json\/wp\/v2\/comments?post=341068"}],"version-history":[{"count":9,"href":"https:\/\/www.proffis.rs\/hu\/wp-json\/wp\/v2\/pages\/341068\/revisions"}],"predecessor-version":[{"id":342324,"href":"https:\/\/www.proffis.rs\/hu\/wp-json\/wp\/v2\/pages\/341068\/revisions\/342324"}],"wp:attachment":[{"href":"https:\/\/www.proffis.rs\/hu\/wp-json\/wp\/v2\/media?parent=341068"}],"curies":[{"name":"wp","href":"https:\/\/api.w.org\/{rel}","templated":true}]}}