{"id":16393,"date":"2023-11-27T09:40:29","date_gmt":"2023-11-27T09:40:29","guid":{"rendered":"https:\/\/www.proffis.rs\/?page_id=16393"},"modified":"2025-11-17T16:49:38","modified_gmt":"2025-11-17T16:49:38","slug":"bih","status":"publish","type":"page","link":"https:\/\/www.proffis.rs\/hu\/naslovna\/bih\/","title":{"rendered":"BOSNA I HERCEGOVINA"},"content":{"rendered":"<p>[et_pb_section fb_built=&#8220;1&#8243; admin_label=&#8220;section&#8220; _builder_version=&#8220;4.16&#8243; global_colors_info=&#8220;{}&#8220;][et_pb_row admin_label=&#8220;row&#8220; _builder_version=&#8220;4.16&#8243; background_size=&#8220;initial&#8220; background_position=&#8220;top_left&#8220; background_repeat=&#8220;repeat&#8220; global_colors_info=&#8220;{}&#8220;][et_pb_column type=&#8220;4_4&#8243; _builder_version=&#8220;4.16&#8243; custom_padding=&#8220;|||&#8220; global_colors_info=&#8220;{}&#8220; custom_padding__hover=&#8220;|||&#8220;][et_pb_text _builder_version=&#8220;4.23.1&#8243; global_colors_info=&#8220;{}&#8220;]<\/p>\n<h1>\u00a0<\/h1>\n<h1 style=\"text-align: center;\"><strong>BOSNA I HERCEGOVINA<\/strong><\/h1>\n<p>Bosna i Hercegovina se nalazi na Balkanu i jedna od biv\u0161ih republika Socijalisti\u010dke federativne republike Jugoslavije. Bosna i Hercegovina se sastoji od dva entiteta: Republike Srpske i Federacije Bosne i Hercegovine. Glavni grad Republike Srpske je Banja Luka, dok je Sarajevo glavni grad Federacije Bosne i Hercegovine.<\/p>\n<p style=\"text-align: justify;\">U ovoj ex Yu zemlji ima mnogo zanimljivih mesta i prirodnih lepota. Me\u0111u na\u0161im turistima najtra\u017eeniji su aran\u017emani za obilazak Sarajeva, Trebinja, Vi\u0161egrada, Banja Luke, Jajca, Mostara, kao i Etno sela Stani\u0161i\u0107i, kao i skijanje na olimpijskoj lepotici planini Jahorina.<\/p>\n<p>[\/et_pb_text][et_pb_blog posts_number=&#8220;24&#8243; include_categories=&#8220;61&#8243; _builder_version=&#8220;4.23.1&#8243; _module_preset=&#8220;default&#8220; hover_enabled=&#8220;0&#8243; global_colors_info=&#8220;{}&#8220; fullwidth=&#8220;off&#8220; use_overlay=&#8220;on&#8220; sticky_enabled=&#8220;0&#8243;][\/et_pb_blog][\/et_pb_column][\/et_pb_row][\/et_pb_section]<\/p>\n","protected":false},"excerpt":{"rendered":"<p>\u00a0 BOSNA I HERCEGOVINA Bosna i Hercegovina se nalazi na Balkanu i jedna od biv\u0161ih republika Socijalisti\u010dke federativne republike Jugoslavije. Bosna i Hercegovina se sastoji od dva entiteta: Republike Srpske i Federacije Bosne i Hercegovine. Glavni grad Republike Srpske je Banja Luka, dok je Sarajevo glavni grad Federacije Bosne i Hercegovine. U ovoj ex Yu [&hellip;]<\/p>\n","protected":false},"author":2,"featured_media":0,"parent":13,"menu_order":0,"comment_status":"closed","ping_status":"closed","template":"","meta":{"_et_pb_use_builder":"on","_et_pb_old_content":"","_et_gb_content_width":"","footnotes":""},"class_list":["post-16393","page","type-page","status-publish","hentry"],"yoast_head":"<!-- This site is optimized with the Yoast SEO plugin v27.3 - https:\/\/yoast.com\/product\/yoast-seo-wordpress\/ -->\n<title>BOSNA I HERCEGOVINA | 30 GODINA VA\u0160EG POVERENJA<\/title>\n<meta name=\"robots\" content=\"index, follow, max-snippet:-1, max-image-preview:large, max-video-preview:-1\" \/>\n<link rel=\"canonical\" href=\"https:\/\/www.proffis.rs\/hu\/naslovna\/bih\/\" \/>\n<meta property=\"og:locale\" content=\"hu_HU\" \/>\n<meta property=\"og:type\" content=\"article\" \/>\n<meta property=\"og:title\" content=\"BOSNA I HERCEGOVINA | 30 GODINA VA\u0160EG POVERENJA\" \/>\n<meta property=\"og:description\" content=\"\u00a0 BOSNA I HERCEGOVINA Bosna i Hercegovina se nalazi na Balkanu i jedna od biv\u0161ih republika Socijalisti\u010dke federativne republike Jugoslavije. Bosna i Hercegovina se sastoji od dva entiteta: Republike Srpske i Federacije Bosne i Hercegovine. Glavni grad Republike Srpske je Banja Luka, dok je Sarajevo glavni grad Federacije Bosne i Hercegovine. U ovoj ex Yu [&hellip;]\" \/>\n<meta property=\"og:url\" content=\"https:\/\/www.proffis.rs\/hu\/naslovna\/bih\/\" \/>\n<meta property=\"og:site_name\" content=\"30 GODINA VA\u0160EG POVERENJA\" \/>\n<meta property=\"article:publisher\" content=\"https:\/\/www.facebook.com\/PROFFISSUBOTICA\" \/>\n<meta property=\"article:modified_time\" content=\"2025-11-17T16:49:38+00:00\" \/>\n<meta name=\"twitter:card\" content=\"summary_large_image\" \/>\n<meta name=\"twitter:label1\" content=\"Becs\u00fclt olvas\u00e1si id\u0151\" \/>\n\t<meta name=\"twitter:data1\" content=\"1 perc\" \/>\n<script type=\"application\/ld+json\" class=\"yoast-schema-graph\">{\"@context\":\"https:\\\/\\\/schema.org\",\"@graph\":[{\"@type\":\"WebPage\",\"@id\":\"https:\\\/\\\/www.proffis.rs\\\/naslovna\\\/bih\\\/\",\"url\":\"https:\\\/\\\/www.proffis.rs\\\/naslovna\\\/bih\\\/\",\"name\":\"BOSNA I HERCEGOVINA | 30 GODINA VA\u0160EG POVERENJA\",\"isPartOf\":{\"@id\":\"https:\\\/\\\/www.proffis.rs\\\/#website\"},\"datePublished\":\"2023-11-27T09:40:29+00:00\",\"dateModified\":\"2025-11-17T16:49:38+00:00\",\"breadcrumb\":{\"@id\":\"https:\\\/\\\/www.proffis.rs\\\/naslovna\\\/bih\\\/#breadcrumb\"},\"inLanguage\":\"hu\",\"potentialAction\":[{\"@type\":\"ReadAction\",\"target\":[\"https:\\\/\\\/www.proffis.rs\\\/naslovna\\\/bih\\\/\"]}]},{\"@type\":\"BreadcrumbList\",\"@id\":\"https:\\\/\\\/www.proffis.rs\\\/naslovna\\\/bih\\\/#breadcrumb\",\"itemListElement\":[{\"@type\":\"ListItem\",\"position\":1,\"name\":\"Home\",\"item\":\"https:\\\/\\\/www.proffis.rs\\\/\"},{\"@type\":\"ListItem\",\"position\":2,\"name\":\"Naslovna\",\"item\":\"https:\\\/\\\/www.proffis.rs\\\/\"},{\"@type\":\"ListItem\",\"position\":3,\"name\":\"BOSNA I HERCEGOVINA\"}]},{\"@type\":\"WebSite\",\"@id\":\"https:\\\/\\\/www.proffis.rs\\\/#website\",\"url\":\"https:\\\/\\\/www.proffis.rs\\\/\",\"name\":\"Proffis\",\"description\":\"Proffis Turisti\u010dka agencija Subotica\",\"publisher\":{\"@id\":\"https:\\\/\\\/www.proffis.rs\\\/#organization\"},\"alternateName\":\"Turisti\u010dka agencija Proffis SUBOTICA\",\"potentialAction\":[{\"@type\":\"SearchAction\",\"target\":{\"@type\":\"EntryPoint\",\"urlTemplate\":\"https:\\\/\\\/www.proffis.rs\\\/?s={search_term_string}\"},\"query-input\":{\"@type\":\"PropertyValueSpecification\",\"valueRequired\":true,\"valueName\":\"search_term_string\"}}],\"inLanguage\":\"hu\"},{\"@type\":\"Organization\",\"@id\":\"https:\\\/\\\/www.proffis.rs\\\/#organization\",\"name\":\"Proffis\",\"url\":\"https:\\\/\\\/www.proffis.rs\\\/\",\"logo\":{\"@type\":\"ImageObject\",\"inLanguage\":\"hu\",\"@id\":\"https:\\\/\\\/www.proffis.rs\\\/#\\\/schema\\\/logo\\\/image\\\/\",\"url\":\"https:\\\/\\\/media.proffis.rs\\\/2023\\\/12\\\/proffis2-removebg.png\",\"contentUrl\":\"https:\\\/\\\/media.proffis.rs\\\/2023\\\/12\\\/proffis2-removebg.png\",\"width\":806,\"height\":310,\"caption\":\"Proffis\"},\"image\":{\"@id\":\"https:\\\/\\\/www.proffis.rs\\\/#\\\/schema\\\/logo\\\/image\\\/\"},\"sameAs\":[\"https:\\\/\\\/www.facebook.com\\\/PROFFISSUBOTICA\"]}]}<\/script>\n<!-- \/ Yoast SEO plugin. -->","yoast_head_json":{"title":"BOSNA I HERCEGOVINA | 30 GODINA VA\u0160EG POVERENJA","robots":{"index":"index","follow":"follow","max-snippet":"max-snippet:-1","max-image-preview":"max-image-preview:large","max-video-preview":"max-video-preview:-1"},"canonical":"https:\/\/www.proffis.rs\/hu\/naslovna\/bih\/","og_locale":"hu_HU","og_type":"article","og_title":"BOSNA I HERCEGOVINA | 30 GODINA VA\u0160EG POVERENJA","og_description":"\u00a0 BOSNA I HERCEGOVINA Bosna i Hercegovina se nalazi na Balkanu i jedna od biv\u0161ih republika Socijalisti\u010dke federativne republike Jugoslavije. Bosna i Hercegovina se sastoji od dva entiteta: Republike Srpske i Federacije Bosne i Hercegovine. Glavni grad Republike Srpske je Banja Luka, dok je Sarajevo glavni grad Federacije Bosne i Hercegovine. U ovoj ex Yu [&hellip;]","og_url":"https:\/\/www.proffis.rs\/hu\/naslovna\/bih\/","og_site_name":"30 GODINA VA\u0160EG POVERENJA","article_publisher":"https:\/\/www.facebook.com\/PROFFISSUBOTICA","article_modified_time":"2025-11-17T16:49:38+00:00","twitter_card":"summary_large_image","twitter_misc":{"Becs\u00fclt olvas\u00e1si id\u0151":"1 perc"},"schema":{"@context":"https:\/\/schema.org","@graph":[{"@type":"WebPage","@id":"https:\/\/www.proffis.rs\/naslovna\/bih\/","url":"https:\/\/www.proffis.rs\/naslovna\/bih\/","name":"BOSNA I HERCEGOVINA | 30 GODINA VA\u0160EG POVERENJA","isPartOf":{"@id":"https:\/\/www.proffis.rs\/#website"},"datePublished":"2023-11-27T09:40:29+00:00","dateModified":"2025-11-17T16:49:38+00:00","breadcrumb":{"@id":"https:\/\/www.proffis.rs\/naslovna\/bih\/#breadcrumb"},"inLanguage":"hu","potentialAction":[{"@type":"ReadAction","target":["https:\/\/www.proffis.rs\/naslovna\/bih\/"]}]},{"@type":"BreadcrumbList","@id":"https:\/\/www.proffis.rs\/naslovna\/bih\/#breadcrumb","itemListElement":[{"@type":"ListItem","position":1,"name":"Home","item":"https:\/\/www.proffis.rs\/"},{"@type":"ListItem","position":2,"name":"Naslovna","item":"https:\/\/www.proffis.rs\/"},{"@type":"ListItem","position":3,"name":"BOSNA I HERCEGOVINA"}]},{"@type":"WebSite","@id":"https:\/\/www.proffis.rs\/#website","url":"https:\/\/www.proffis.rs\/","name":"Proffis","description":"Proffis Turisti\u010dka agencija Subotica","publisher":{"@id":"https:\/\/www.proffis.rs\/#organization"},"alternateName":"Turisti\u010dka agencija Proffis SUBOTICA","potentialAction":[{"@type":"SearchAction","target":{"@type":"EntryPoint","urlTemplate":"https:\/\/www.proffis.rs\/?s={search_term_string}"},"query-input":{"@type":"PropertyValueSpecification","valueRequired":true,"valueName":"search_term_string"}}],"inLanguage":"hu"},{"@type":"Organization","@id":"https:\/\/www.proffis.rs\/#organization","name":"Proffis","url":"https:\/\/www.proffis.rs\/","logo":{"@type":"ImageObject","inLanguage":"hu","@id":"https:\/\/www.proffis.rs\/#\/schema\/logo\/image\/","url":"https:\/\/media.proffis.rs\/2023\/12\/proffis2-removebg.png","contentUrl":"https:\/\/media.proffis.rs\/2023\/12\/proffis2-removebg.png","width":806,"height":310,"caption":"Proffis"},"image":{"@id":"https:\/\/www.proffis.rs\/#\/schema\/logo\/image\/"},"sameAs":["https:\/\/www.facebook.com\/PROFFISSUBOTICA"]}]}},"_links":{"self":[{"href":"https:\/\/www.proffis.rs\/hu\/wp-json\/wp\/v2\/pages\/16393","targetHints":{"allow":["GET"]}}],"collection":[{"href":"https:\/\/www.proffis.rs\/hu\/wp-json\/wp\/v2\/pages"}],"about":[{"href":"https:\/\/www.proffis.rs\/hu\/wp-json\/wp\/v2\/types\/page"}],"author":[{"embeddable":true,"href":"https:\/\/www.proffis.rs\/hu\/wp-json\/wp\/v2\/users\/2"}],"replies":[{"embeddable":true,"href":"https:\/\/www.proffis.rs\/hu\/wp-json\/wp\/v2\/comments?post=16393"}],"version-history":[{"count":26,"href":"https:\/\/www.proffis.rs\/hu\/wp-json\/wp\/v2\/pages\/16393\/revisions"}],"predecessor-version":[{"id":346592,"href":"https:\/\/www.proffis.rs\/hu\/wp-json\/wp\/v2\/pages\/16393\/revisions\/346592"}],"up":[{"embeddable":true,"href":"https:\/\/www.proffis.rs\/hu\/wp-json\/wp\/v2\/pages\/13"}],"wp:attachment":[{"href":"https:\/\/www.proffis.rs\/hu\/wp-json\/wp\/v2\/media?parent=16393"}],"curies":[{"name":"wp","href":"https:\/\/api.w.org\/{rel}","templated":true}]}}